{"id":32,"date":"2020-10-17T00:07:22","date_gmt":"2020-10-17T00:07:22","guid":{"rendered":"http:\/\/kineticxer.cl\/?page_id=32"},"modified":"2020-10-22T00:22:39","modified_gmt":"2020-10-22T00:22:39","slug":"quienes-somos","status":"publish","type":"page","link":"https:\/\/kineticxer.cl\/index.php\/quienes-somos\/","title":{"rendered":"Quienes Somos"},"content":{"rendered":"\t\t<div data-elementor-type=\"wp-page\" data-elementor-id=\"32\" class=\"elementor elementor-32\">\n\t\t\t\t\t\t<section class=\"elementor-section elementor-top-section elementor-element elementor-element-260bd0e she-header-yes elementor-section-boxed elementor-section-height-default elementor-section-height-default\" data-id=\"260bd0e\" data-element_type=\"section\" data-e-type=\"section\" data-settings=\"{&quot;transparent&quot;:&quot;yes&quot;,&quot;background_show&quot;:&quot;yes&quot;,&quot;background&quot;:&quot;#FFFFFFA3&quot;,&quot;shrink_header&quot;:&quot;yes&quot;,&quot;custom_height_header&quot;:{&quot;unit&quot;:&quot;px&quot;,&quot;size&quot;:60,&quot;sizes&quot;:[]},&quot;blur_bg&quot;:&quot;yes&quot;,&quot;transparent_on&quot;:[&quot;desktop&quot;,&quot;tablet&quot;,&quot;mobile&quot;],&quot;scroll_distance&quot;:{&quot;unit&quot;:&quot;px&quot;,&quot;size&quot;:60,&quot;sizes&quot;:[]},&quot;scroll_distance_tablet&quot;:{&quot;unit&quot;:&quot;px&quot;,&quot;size&quot;:&quot;&quot;,&quot;sizes&quot;:[]},&quot;scroll_distance_mobile&quot;:{&quot;unit&quot;:&quot;px&quot;,&quot;size&quot;:&quot;&quot;,&quot;sizes&quot;:[]},&quot;she_offset_top&quot;:{&quot;unit&quot;:&quot;px&quot;,&quot;size&quot;:0,&quot;sizes&quot;:[]},&quot;she_offset_top_tablet&quot;:{&quot;unit&quot;:&quot;px&quot;,&quot;size&quot;:&quot;&quot;,&quot;sizes&quot;:[]},&quot;she_offset_top_mobile&quot;:{&quot;unit&quot;:&quot;px&quot;,&quot;size&quot;:&quot;&quot;,&quot;sizes&quot;:[]},&quot;she_width&quot;:{&quot;unit&quot;:&quot;%&quot;,&quot;size&quot;:100,&quot;sizes&quot;:[]},&quot;she_width_tablet&quot;:{&quot;unit&quot;:&quot;px&quot;,&quot;size&quot;:&quot;&quot;,&quot;sizes&quot;:[]},&quot;she_width_mobile&quot;:{&quot;unit&quot;:&quot;px&quot;,&quot;size&quot;:&quot;&quot;,&quot;sizes&quot;:[]},&quot;she_padding&quot;:{&quot;unit&quot;:&quot;px&quot;,&quot;top&quot;:0,&quot;right&quot;:&quot;&quot;,&quot;bottom&quot;:0,&quot;left&quot;:&quot;&quot;,&quot;isLinked&quot;:true},&quot;she_padding_tablet&quot;:{&quot;unit&quot;:&quot;px&quot;,&quot;top&quot;:&quot;&quot;,&quot;right&quot;:&quot;&quot;,&quot;bottom&quot;:&quot;&quot;,&quot;left&quot;:&quot;&quot;,&quot;isLinked&quot;:true},&quot;she_padding_mobile&quot;:{&quot;unit&quot;:&quot;px&quot;,&quot;top&quot;:&quot;&quot;,&quot;right&quot;:&quot;&quot;,&quot;bottom&quot;:&quot;&quot;,&quot;left&quot;:&quot;&quot;,&quot;isLinked&quot;:true},&quot;custom_height_header_tablet&quot;:{&quot;unit&quot;:&quot;px&quot;,&quot;size&quot;:&quot;&quot;,&quot;sizes&quot;:[]},&quot;custom_height_header_mobile&quot;:{&quot;unit&quot;:&quot;px&quot;,&quot;size&quot;:&quot;&quot;,&quot;sizes&quot;:[]},&quot;blur_bg_blur_amount&quot;:{&quot;unit&quot;:&quot;px&quot;,&quot;size&quot;:20,&quot;sizes&quot;:[]},&quot;blur_bg_saturate_amount&quot;:{&quot;unit&quot;:&quot;px&quot;,&quot;size&quot;:1.8,&quot;sizes&quot;:[]}}\">\n\t\t\t\t\t\t<div class=\"elementor-container elementor-column-gap-default\">\n\t\t\t\t\t<div class=\"elementor-column elementor-col-50 elementor-top-column elementor-element elementor-element-b5f5864\" data-id=\"b5f5864\" data-element_type=\"column\" data-e-type=\"column\">\n\t\t\t<div class=\"elementor-widget-wrap elementor-element-populated\">\n\t\t\t\t\t\t<div class=\"elementor-element elementor-element-8195622 elementor-widget elementor-widget-image\" data-id=\"8195622\" data-element_type=\"widget\" data-e-type=\"widget\" data-widget_type=\"image.default\">\n\t\t\t\t<div class=\"elementor-widget-container\">\n\t\t\t\t\t\t\t\t\t\t\t\t\t\t\t<img decoding=\"async\" width=\"252\" height=\"105\" src=\"https:\/\/kineticxer.cl\/wp-content\/uploads\/2020\/10\/Sin-titulo-1.png\" class=\"attachment-medium size-medium wp-image-52\" alt=\"\" \/>\t\t\t\t\t\t\t\t\t\t\t\t\t\t\t<\/div>\n\t\t\t\t<\/div>\n\t\t\t\t\t<\/div>\n\t\t<\/div>\n\t\t\t\t<div class=\"elementor-column elementor-col-50 elementor-top-column elementor-element elementor-element-9919ad5\" data-id=\"9919ad5\" data-element_type=\"column\" data-e-type=\"column\">\n\t\t\t<div class=\"elementor-widget-wrap elementor-element-populated\">\n\t\t\t\t\t\t<div class=\"elementor-element elementor-element-bf979f4 elementor-nav-menu__align-justify elementor-absolute elementor-nav-menu--dropdown-tablet elementor-nav-menu__text-align-aside elementor-nav-menu--toggle elementor-nav-menu--burger elementor-invisible elementor-widget elementor-widget-nav-menu\" data-id=\"bf979f4\" data-element_type=\"widget\" data-e-type=\"widget\" data-settings=\"{&quot;_animation&quot;:&quot;fadeInUp&quot;,&quot;_position&quot;:&quot;absolute&quot;,&quot;layout&quot;:&quot;horizontal&quot;,&quot;submenu_icon&quot;:{&quot;value&quot;:&quot;fas fa-caret-down&quot;,&quot;library&quot;:&quot;fa-solid&quot;},&quot;toggle&quot;:&quot;burger&quot;}\" data-widget_type=\"nav-menu.default\">\n\t\t\t\t<div class=\"elementor-widget-container\">\n\t\t\t\t\t\t\t\t<nav migration_allowed=\"1\" migrated=\"0\" role=\"navigation\" class=\"elementor-nav-menu--main elementor-nav-menu__container elementor-nav-menu--layout-horizontal e--pointer-text e--animation-grow\"><ul id=\"menu-1-bf979f4\" class=\"elementor-nav-menu\"><li class=\"menu-item menu-item-type-post_type menu-item-object-page menu-item-home menu-item-20\"><a href=\"https:\/\/kineticxer.cl\/\" class=\"menu-link elementor-item\">Inicio<\/a><\/li>\n<li class=\"menu-item menu-item-type-custom menu-item-object-custom menu-item-has-children menu-item-274\"><a href=\"#\" class=\"menu-link elementor-item elementor-item-anchor\">Certificaciones<\/a>\n<ul class=\"sub-menu elementor-nav-menu--dropdown\">\n\t<li class=\"menu-item menu-item-type-post_type menu-item-object-page menu-item-65\"><a href=\"https:\/\/kineticxer.cl\/index.php\/practitioner\/\" class=\"menu-link elementor-sub-item\">Practitioner<\/a><\/li>\n\t<li class=\"menu-item menu-item-type-post_type menu-item-object-page menu-item-91\"><a href=\"https:\/\/kineticxer.cl\/index.php\/puncion-seca\/\" class=\"menu-link elementor-sub-item\">Punci\u00f3n Seca<\/a><\/li>\n\t<li class=\"menu-item menu-item-type-post_type menu-item-object-page menu-item-99\"><a href=\"https:\/\/kineticxer.cl\/index.php\/the-charrette-adjusting-protocols\/\" class=\"menu-link elementor-sub-item\">The Charrette Adjusting Protocols<\/a><\/li>\n\t<li class=\"menu-item menu-item-type-post_type menu-item-object-page menu-item-103\"><a href=\"https:\/\/kineticxer.cl\/index.php\/cupping\/\" class=\"menu-link elementor-sub-item\">Cupping<\/a><\/li>\n\t<li class=\"menu-item menu-item-type-custom menu-item-object-custom menu-item-339\"><a href=\"#\" class=\"menu-link elementor-sub-item elementor-item-anchor\">Reflex<\/a><\/li>\n<\/ul>\n<\/li>\n<li class=\"menu-item menu-item-type-post_type menu-item-object-page menu-item-30\"><a href=\"https:\/\/kineticxer.cl\/index.php\/nuestra-tecnica\/\" class=\"menu-link elementor-item\">Nuestra T\u00e9cnica<\/a><\/li>\n<li class=\"menu-item menu-item-type-post_type menu-item-object-page menu-item-34\"><a href=\"https:\/\/kineticxer.cl\/index.php\/quienes-somos\/\" class=\"menu-link elementor-item\">Quienes Somos<\/a><\/li>\n<li class=\"menu-item menu-item-type-post_type menu-item-object-page menu-item-38\"><a href=\"https:\/\/kineticxer.cl\/index.php\/asociados\/\" class=\"menu-link elementor-item\">Asociados<\/a><\/li>\n<li class=\"menu-item menu-item-type-post_type menu-item-object-page menu-item-42\"><a href=\"https:\/\/kineticxer.cl\/index.php\/contacto\/\" class=\"menu-link elementor-item\">Contacto<\/a><\/li>\n<\/ul><\/nav>\n\t\t\t\t\t<div class=\"elementor-menu-toggle\" role=\"button\" tabindex=\"0\" aria-label=\"Menu Toggle\" aria-expanded=\"false\">\n\t\t\t<i class=\"eicon-menu-bar\" aria-hidden=\"true\" role=\"presentation\"><\/i>\n\t\t\t<span class=\"elementor-screen-only\">Men\u00fa<\/span>\n\t\t<\/div>\n\t\t\t<nav class=\"elementor-nav-menu--dropdown elementor-nav-menu__container\" role=\"navigation\" aria-hidden=\"true\"><ul id=\"menu-2-bf979f4\" class=\"elementor-nav-menu\"><li class=\"menu-item menu-item-type-post_type menu-item-object-page menu-item-home menu-item-20\"><a href=\"https:\/\/kineticxer.cl\/\" class=\"menu-link elementor-item\" tabindex=\"-1\">Inicio<\/a><\/li>\n<li class=\"menu-item menu-item-type-custom menu-item-object-custom menu-item-has-children menu-item-274\"><a href=\"#\" class=\"menu-link elementor-item elementor-item-anchor\" tabindex=\"-1\">Certificaciones<\/a>\n<ul class=\"sub-menu elementor-nav-menu--dropdown\">\n\t<li class=\"menu-item menu-item-type-post_type menu-item-object-page menu-item-65\"><a href=\"https:\/\/kineticxer.cl\/index.php\/practitioner\/\" class=\"menu-link elementor-sub-item\" tabindex=\"-1\">Practitioner<\/a><\/li>\n\t<li class=\"menu-item menu-item-type-post_type menu-item-object-page menu-item-91\"><a href=\"https:\/\/kineticxer.cl\/index.php\/puncion-seca\/\" class=\"menu-link elementor-sub-item\" tabindex=\"-1\">Punci\u00f3n Seca<\/a><\/li>\n\t<li class=\"menu-item menu-item-type-post_type menu-item-object-page menu-item-99\"><a href=\"https:\/\/kineticxer.cl\/index.php\/the-charrette-adjusting-protocols\/\" class=\"menu-link elementor-sub-item\" tabindex=\"-1\">The Charrette Adjusting Protocols<\/a><\/li>\n\t<li class=\"menu-item menu-item-type-post_type menu-item-object-page menu-item-103\"><a href=\"https:\/\/kineticxer.cl\/index.php\/cupping\/\" class=\"menu-link elementor-sub-item\" tabindex=\"-1\">Cupping<\/a><\/li>\n\t<li class=\"menu-item menu-item-type-custom menu-item-object-custom menu-item-339\"><a href=\"#\" class=\"menu-link elementor-sub-item elementor-item-anchor\" tabindex=\"-1\">Reflex<\/a><\/li>\n<\/ul>\n<\/li>\n<li class=\"menu-item menu-item-type-post_type menu-item-object-page menu-item-30\"><a href=\"https:\/\/kineticxer.cl\/index.php\/nuestra-tecnica\/\" class=\"menu-link elementor-item\" tabindex=\"-1\">Nuestra T\u00e9cnica<\/a><\/li>\n<li class=\"menu-item menu-item-type-post_type menu-item-object-page menu-item-34\"><a href=\"https:\/\/kineticxer.cl\/index.php\/quienes-somos\/\" class=\"menu-link elementor-item\" tabindex=\"-1\">Quienes Somos<\/a><\/li>\n<li class=\"menu-item menu-item-type-post_type menu-item-object-page menu-item-38\"><a href=\"https:\/\/kineticxer.cl\/index.php\/asociados\/\" class=\"menu-link elementor-item\" tabindex=\"-1\">Asociados<\/a><\/li>\n<li class=\"menu-item menu-item-type-post_type menu-item-object-page menu-item-42\"><a href=\"https:\/\/kineticxer.cl\/index.php\/contacto\/\" class=\"menu-link elementor-item\" tabindex=\"-1\">Contacto<\/a><\/li>\n<\/ul><\/nav>\n\t\t\t\t\t\t<\/div>\n\t\t\t\t<\/div>\n\t\t\t\t\t<\/div>\n\t\t<\/div>\n\t\t\t\t\t<\/div>\n\t\t<\/section>\n\t\t\t\t<section class=\"elementor-section elementor-top-section elementor-element elementor-element-e339293 elementor-section-boxed elementor-section-height-default elementor-section-height-default\" data-id=\"e339293\" data-element_type=\"section\" data-e-type=\"section\" data-settings=\"{&quot;background_background&quot;:&quot;classic&quot;}\">\n\t\t\t\t\t\t<div class=\"elementor-container elementor-column-gap-default\">\n\t\t\t\t\t<div class=\"elementor-column elementor-col-100 elementor-top-column elementor-element elementor-element-e5b43a0\" data-id=\"e5b43a0\" data-element_type=\"column\" data-e-type=\"column\">\n\t\t\t<div class=\"elementor-widget-wrap elementor-element-populated\">\n\t\t\t\t\t\t<div class=\"elementor-element elementor-element-efe4b52 elementor-widget elementor-widget-heading\" data-id=\"efe4b52\" data-element_type=\"widget\" data-e-type=\"widget\" data-widget_type=\"heading.default\">\n\t\t\t\t<div class=\"elementor-widget-container\">\n\t\t\t\t\t<h1 class=\"elementor-heading-title elementor-size-default\">Quienes Somos<\/h1>\t\t\t\t<\/div>\n\t\t\t\t<\/div>\n\t\t\t\t\t<\/div>\n\t\t<\/div>\n\t\t\t\t\t<\/div>\n\t\t<\/section>\n\t\t\t\t<section class=\"elementor-section elementor-top-section elementor-element elementor-element-25fc1265 elementor-section-content-middle elementor-section-boxed elementor-section-height-default elementor-section-height-default\" data-id=\"25fc1265\" data-element_type=\"section\" data-e-type=\"section\">\n\t\t\t\t\t\t<div class=\"elementor-container elementor-column-gap-no\">\n\t\t\t\t\t<div class=\"elementor-column elementor-col-100 elementor-top-column elementor-element elementor-element-54d4a9db\" data-id=\"54d4a9db\" data-element_type=\"column\" data-e-type=\"column\">\n\t\t\t<div class=\"elementor-widget-wrap elementor-element-populated\">\n\t\t\t\t\t\t<div class=\"elementor-element elementor-element-7d748722 elementor-widget elementor-widget-heading\" data-id=\"7d748722\" data-element_type=\"widget\" data-e-type=\"widget\" data-widget_type=\"heading.default\">\n\t\t\t\t<div class=\"elementor-widget-container\">\n\t\t\t\t\t<h4 class=\"elementor-heading-title elementor-size-default\">KineticXer\u00ae<\/h4>\t\t\t\t<\/div>\n\t\t\t\t<\/div>\n\t\t\t\t<div class=\"elementor-element elementor-element-14691e86 elementor-widget elementor-widget-text-editor\" data-id=\"14691e86\" data-element_type=\"widget\" data-e-type=\"widget\" data-widget_type=\"text-editor.default\">\n\t\t\t\t<div class=\"elementor-widget-container\">\n\t\t\t\t\t\t\t\t\t<p>KineticXer\u00ae\u00a0es un concepto revolucionario dentro de la familia de te\u0301cnicas instrumentales, desarrollando disen\u0303os cienti\u0301ficamente elaborados bajo un modelo TensoActivo.<\/p><p>Somos responsables de los dise\u00f1os y fabricaci\u00f3n de nuestros instrumentos, adem\u00e1s certificamos a nuestros terapeutas en 5 diferentes modalidades de uso de nuestras herramientas.<\/p><p>Algunas de nuestras innovaciones son:<\/p><p>1. Introducir variantes de uso diagno\u0301stico;<br \/>2. Elaboraci\u00f3n de piezas con fines terap\u00e9uticos regenerativos.<br \/>4. En todos sus instrumentos hemos perfeccionado el disen\u0303o respecto de te\u0301cnicas similares con el fin incrementar sus efectos de liberacio\u0301n tisular y obtener modelos m\u00e1s ergon\u00f3micos.<br \/>5. Nuestros instrumentos poseen una gran variedad de formas, a\u0301ngulos y bordes que potencian sus efectos mecanotransductores.<\/p>\t\t\t\t\t\t\t\t<\/div>\n\t\t\t\t<\/div>\n\t\t\t\t<div class=\"elementor-element elementor-element-1f941356 elementor-invisible elementor-widget elementor-widget-video\" data-id=\"1f941356\" data-element_type=\"widget\" data-e-type=\"widget\" data-settings=\"{&quot;youtube_url&quot;:&quot;https:\\\/\\\/www.youtube.com\\\/watch?v=inrGFXXSES0&quot;,&quot;_animation&quot;:&quot;slideInUp&quot;,&quot;video_type&quot;:&quot;youtube&quot;,&quot;controls&quot;:&quot;yes&quot;}\" data-widget_type=\"video.default\">\n\t\t\t\t<div class=\"elementor-widget-container\">\n\t\t\t\t\t\t\t<div class=\"elementor-wrapper elementor-open-inline\">\n\t\t\t<div class=\"elementor-video\"><\/div>\t\t<\/div>\n\t\t\t\t\t\t<\/div>\n\t\t\t\t<\/div>\n\t\t\t\t\t<\/div>\n\t\t<\/div>\n\t\t\t\t\t<\/div>\n\t\t<\/section>\n\t\t\t\t<section class=\"elementor-section elementor-top-section elementor-element elementor-element-df7b87a elementor-section-boxed elementor-section-height-default elementor-section-height-default\" data-id=\"df7b87a\" data-element_type=\"section\" data-e-type=\"section\">\n\t\t\t\t\t\t<div class=\"elementor-container elementor-column-gap-default\">\n\t\t\t\t\t<div class=\"elementor-column elementor-col-100 elementor-top-column elementor-element elementor-element-d869542\" data-id=\"d869542\" data-element_type=\"column\" data-e-type=\"column\">\n\t\t\t<div class=\"elementor-widget-wrap elementor-element-populated\">\n\t\t\t\t\t\t<div class=\"elementor-element elementor-element-a3b4154 elementor-widget elementor-widget-heading\" data-id=\"a3b4154\" data-element_type=\"widget\" data-e-type=\"widget\" data-widget_type=\"heading.default\">\n\t\t\t\t<div class=\"elementor-widget-container\">\n\t\t\t\t\t<h2 class=\"elementor-heading-title elementor-size-default\">Historia<\/h2>\t\t\t\t<\/div>\n\t\t\t\t<\/div>\n\t\t\t\t<div class=\"elementor-element elementor-element-7c16078 elementor-widget elementor-widget-text-editor\" data-id=\"7c16078\" data-element_type=\"widget\" data-e-type=\"widget\" data-widget_type=\"text-editor.default\">\n\t\t\t\t<div class=\"elementor-widget-container\">\n\t\t\t\t\t\t\t\t\t<p>En general este tipo de terapias tratan de reproducir con diferentes aplicaciones cli\u0301nicas, los efectos anunciados por Gua Sha en China con tres mil an\u0303os de experiencia y a mediados del siglo pasado, por el Dr. James Cyriax, quien recomendo\u0301 su me\u0301todo de friccio\u0301n tranversa profunda para conseguir cambios positivos en lesiones, cicatrices y tejidos fibro\u0301ticos en general. Crochetaje o fibro\u0301lisis diacuta\u0301nea, Graston technique, adherenciolisis funcional, Instrumental TenseActive Release Concept (ITARC), etc. son todas denominaciones diversas que identifican a este grupo de te\u0301cnicas.<\/p><p>Uno de los pioneros de este me\u0301todo instrumental en el mundo occidental fue Kurt Ekman, Fisioterapeuta sueco, colaborador del profesor Cyriax. Ma\u0301s tarde en USA los estudios y aportes realizados por Carey-Loghmani de Graston technique entre otros autores, han dado forma a una gran variedad de aplicaciones terape\u0301uticas. El an\u0303o 2010 significo\u0301 una revolucio\u0301n al conocerse ma\u0301s respecto de la mecanotransduccio\u0301n de estas te\u0301cnicas, en particular cuando Kenneth K Wong &amp; cols. publican en Harvard constatan la capacidad que estos procedimientos tienen de desencadenar altos niveles de Hemoxigenasa-1, uno de los citoprotectores celulares ma\u0301s estudiados en la u\u0301ltima de\u0301cada por su potente accio\u0301n regeneradora de tejidos. Este estudio luego lo repetimos en Chile con humanos en la universidad Santo Toma\u0301s y demostro\u0301 los mismos efectos, situacio\u0301n que ha generado nuevas investigaciones e impulsado el desarrollo de KineticXer \u00ae.<\/p><p>El Dr David Lopez Sanchez, creador de esta t\u00e9cnica se dedico por a\u00f1os a la elaboraci\u00f3n de piezas instrumentales capaz de satisfacer las necesidades ergon\u00f3micas de nuestros terapeutas, adem\u00e1s de crear nuevos usos y aplicaciones para la t\u00e9cnicas instrumentales. Hoy en d\u00eda KineticXer cuenta con 4 instrumentos originales, totalmente elaborados en acero quir\u00fargico con un 17% de cromo y 13% de ni\u0301quel, tecnologi\u0301a resistente a la erosio\u0301n y de ma\u0301xima reverberancia material para realizar diagno\u0301stico y tratamiento instrumental.<\/p>\t\t\t\t\t\t\t\t<\/div>\n\t\t\t\t<\/div>\n\t\t\t\t\t<\/div>\n\t\t<\/div>\n\t\t\t\t\t<\/div>\n\t\t<\/section>\n\t\t\t\t<\/div>\n\t\t","protected":false},"excerpt":{"rendered":"<p>Quienes Somos KineticXer\u00ae KineticXer\u00ae\u00a0es un concepto revolucionario dentro de la familia de te\u0301cnicas instrumentales, desarrollando disen\u0303os cienti\u0301ficamente elaborados bajo un modelo TensoActivo. Somos responsables de los dise\u00f1os y fabricaci\u00f3n de nuestros instrumentos, adem\u00e1s certificamos a nuestros terapeutas en 5 diferentes modalidades de uso de nuestras herramientas. Algunas de nuestras innovaciones son: 1. Introducir variantes de &hellip;<\/p>\n<p class=\"read-more\"> <a class=\"\" href=\"https:\/\/kineticxer.cl\/index.php\/quienes-somos\/\"> <span class=\"screen-reader-text\">Quienes Somos<\/span> Leer m\u00e1s &raquo;<\/a><\/p>\n","protected":false},"author":1,"featured_media":0,"parent":0,"menu_order":0,"comment_status":"closed","ping_status":"closed","template":"","meta":{"footnotes":""},"class_list":["post-32","page","type-page","status-publish","hentry"],"_links":{"self":[{"href":"https:\/\/kineticxer.cl\/index.php\/wp-json\/wp\/v2\/pages\/32","targetHints":{"allow":["GET"]}}],"collection":[{"href":"https:\/\/kineticxer.cl\/index.php\/wp-json\/wp\/v2\/pages"}],"about":[{"href":"https:\/\/kineticxer.cl\/index.php\/wp-json\/wp\/v2\/types\/page"}],"author":[{"embeddable":true,"href":"https:\/\/kineticxer.cl\/index.php\/wp-json\/wp\/v2\/users\/1"}],"replies":[{"embeddable":true,"href":"https:\/\/kineticxer.cl\/index.php\/wp-json\/wp\/v2\/comments?post=32"}],"version-history":[{"count":8,"href":"https:\/\/kineticxer.cl\/index.php\/wp-json\/wp\/v2\/pages\/32\/revisions"}],"predecessor-version":[{"id":331,"href":"https:\/\/kineticxer.cl\/index.php\/wp-json\/wp\/v2\/pages\/32\/revisions\/331"}],"wp:attachment":[{"href":"https:\/\/kineticxer.cl\/index.php\/wp-json\/wp\/v2\/media?parent=32"}],"curies":[{"name":"wp","href":"https:\/\/api.w.org\/{rel}","templated":true}]}}